{"id":9,"date":"2017-08-11T11:00:55","date_gmt":"2017-08-11T09:00:55","guid":{"rendered":"https:\/\/sertrox.ch\/?page_id=9"},"modified":"2020-01-10T23:15:37","modified_gmt":"2020-01-10T22:15:37","slug":"accueil","status":"publish","type":"page","link":"https:\/\/sertrox.ch\/","title":{"rendered":"Accueil"},"content":{"rendered":"<div id=\"pl-9\"  class=\"panel-layout\" ><div id=\"pg-9-0\"  class=\"panel-grid panel-no-style\" ><div id=\"pgc-9-0-0\"  class=\"panel-grid-cell\" ><div id=\"panel-9-0-0-0\" class=\"so-panel widget widget_sow-image panel-first-child panel-last-child\" data-index=\"0\" ><div class=\"so-widget-sow-image so-widget-sow-image-default-17bc2272b535-9\">\n\n<div class=\"sow-image-container\">\n\t\t<img src=\"https:\/\/sertrox.ch\/wp-content\/uploads\/2017\/08\/fond_207.png\" width=\"950\" height=\"444\" srcset=\"https:\/\/sertrox.ch\/wp-content\/uploads\/2017\/08\/fond_207.png 950w, https:\/\/sertrox.ch\/wp-content\/uploads\/2017\/08\/fond_207-300x140.png 300w, https:\/\/sertrox.ch\/wp-content\/uploads\/2017\/08\/fond_207-768x359.png 768w\" sizes=\"(max-width: 950px) 100vw, 950px\" alt=\"Sertrox\" loading=\"lazy\" \t\tclass=\"so-widget-image\"\/>\n\t<\/div>\n\n<\/div><\/div><\/div><\/div><div id=\"pg-9-1\"  class=\"panel-grid panel-no-style\" ><div id=\"pgc-9-1-0\"  class=\"panel-grid-cell\" ><div id=\"panel-9-1-0-0\" class=\"widget_text so-panel widget widget_custom_html panel-first-child panel-last-child\" data-index=\"1\" ><div class=\"textwidget custom-html-widget\"><h1 style=\"color:white;\">\n\tSertrox\n<\/h1><\/div><\/div><\/div><div id=\"pgc-9-1-1\"  class=\"panel-grid-cell\" ><div id=\"panel-9-1-1-0\" class=\"so-panel widget widget_sow-features panel-first-child\" data-index=\"2\" ><div class=\"so-widget-sow-features so-widget-sow-features-default-ec5fa41587de-9\">\n<div class=\"sow-features-list sow-features-responsive\">\n\n\t\t\t\n\t\t\t<div class=\"sow-features-feature sow-icon-container-position-right sow-features-feature-last-row\" style=\"width: 100%\">\n\n\t\t\t\t\t\t\t\t<div\n\t\t\t\t\tclass=\"sow-icon-container sow-container-round\"\n                    style=\"color: #ffffff; \"\n\t\t\t\t\ttitle=\"Sp\u00e9cialis\u00e9 Bang &amp; Olufsen\">\n\t\t\t\t\t<div class=\"sow-icon-image\" style=\"background-image: url(https:\/\/sertrox.ch\/wp-content\/uploads\/2017\/08\/icone_20bang_20olufsen0.png); font-size: 50px\"><\/div>\t\t\t\t<\/div>\n\t\t\t\t\n\t\t\t\t<div class=\"textwidget\">\n\t\t\t\t\t\t\t\t\t\t\t<h5>\n\t\t\t\t\t\t\t\n\t\t\t\t\t\t\tSp\u00e9cialis\u00e9 Bang &amp; Olufsen\t\t\t\t\t\t\t\t\t\t\t\t\t<\/h5>\n\t\t\t\t\t\n\t\t\t\t\t\t\t\t\t\t\t<p>L\u2019exp\u00e9rience acquise permet \u00e0 Sertrox de disposer d'une maitrise compl\u00e8te de cette marque de prestige.<\/p>\t\t\t\t\t\n\t\t\t\t\t\t\t\t\t<\/div>\n\t\t\t\t\t\t\t<\/div>\n\n\t\t\t\n<\/div>\n<\/div><\/div><div id=\"panel-9-1-1-1\" class=\"so-panel widget widget_sow-features panel-last-child\" data-index=\"3\" ><div class=\"so-widget-sow-features so-widget-sow-features-default-ec5fa41587de-9\">\n<div class=\"sow-features-list sow-features-responsive\">\n\n\t\t\t\n\t\t\t<div class=\"sow-features-feature sow-icon-container-position-right sow-features-feature-last-row\" style=\"width: 100%\">\n\n\t\t\t\t\t\t\t\t<div\n\t\t\t\t\tclass=\"sow-icon-container sow-container-round\"\n                    style=\"color: #ffffff; \"\n\t\t\t\t\t>\n\t\t\t\t\t<div class=\"sow-icon-image\" style=\"background-image: url(https:\/\/sertrox.ch\/wp-content\/uploads\/2017\/08\/r_C3_A9sistance.png); font-size: 50px\"><\/div>\t\t\t\t<\/div>\n\t\t\t\t\n\t\t\t\t<div class=\"textwidget\">\n\t\t\t\t\t\t\t\t\t\t\t<h5>\n\t\t\t\t\t\t\t\n\t\t\t\t\t\t\tUn stock de pi\u00e8ce incroyable!\t\t\t\t\t\t\t\t\t\t\t\t\t<\/h5>\n\t\t\t\t\t\n\t\t\t\t\t\t\t\t\t\t\t<p>Nous disposons d'un grand stock de pi\u00e8ces, certaines n'\u00e9tant plus fabriqu\u00e9es depuis de nombreuses ann\u00e9es.<\/p>\n<p>Vous trouverez des pi\u00e8ces pour les premi\u00e8res chaines HI-FI et t\u00e9l\u00e9viseurs Bang &amp; Olufsen.<\/p>\t\t\t\t\t\n\t\t\t\t\t\t\t\t\t<\/div>\n\t\t\t\t\t\t\t<\/div>\n\n\t\t\t\n<\/div>\n<\/div><\/div><\/div><div id=\"pgc-9-1-2\"  class=\"panel-grid-cell panel-grid-cell-empty\" ><\/div><div id=\"pgc-9-1-3\"  class=\"panel-grid-cell panel-grid-cell-mobile-last\" ><div id=\"panel-9-1-3-0\" class=\"so-panel widget widget_sow-features panel-first-child\" data-index=\"4\" ><div class=\"so-widget-sow-features so-widget-sow-features-default-ec5fa41587de-9\">\n<div class=\"sow-features-list sow-features-responsive\">\n\n\t\t\t\n\t\t\t<div class=\"sow-features-feature sow-icon-container-position-right sow-features-feature-last-row\" style=\"width: 100%\">\n\n\t\t\t\t\t\t\t\t<div\n\t\t\t\t\tclass=\"sow-icon-container sow-container-round\"\n                    style=\"color: #ffffff; \"\n\t\t\t\t\t>\n\t\t\t\t\t<div class=\"sow-icon-image\" style=\"background-image: url(https:\/\/sertrox.ch\/wp-content\/uploads\/2017\/08\/icone_20histoire_20gris-1.png); font-size: 50px\"><\/div>\t\t\t\t<\/div>\n\t\t\t\t\n\t\t\t\t<div class=\"textwidget\">\n\t\t\t\t\t\t\t\t\t\t\t<h5>\n\t\t\t\t\t\t\t\n\t\t\t\t\t\t\tQualit\u00e9 professionelle\t\t\t\t\t\t\t\t\t\t\t\t\t<\/h5>\n\t\t\t\t\t\n\t\t\t\t\t\t\t\t\t\t\t<p>Notre expertise est mise \u00e0 votre disposition pour vous fournir les meilleures services qui soient.<\/p>\t\t\t\t\t\n\t\t\t\t\t\t\t\t\t<\/div>\n\t\t\t\t\t\t\t<\/div>\n\n\t\t\t\n<\/div>\n<\/div><\/div><div id=\"panel-9-1-3-1\" class=\"so-panel widget widget_sow-features panel-last-child\" data-index=\"5\" ><div class=\"so-widget-sow-features so-widget-sow-features-default-ec5fa41587de-9\">\n<div class=\"sow-features-list sow-features-responsive\">\n\n\t\t\t\n\t\t\t<div class=\"sow-features-feature sow-icon-container-position-right sow-features-feature-last-row\" style=\"width: 100%\">\n\n\t\t\t\t\t\t\t\t<div\n\t\t\t\t\tclass=\"sow-icon-container sow-container-round\"\n                    style=\"color: #ffffff; \"\n\t\t\t\t\t>\n\t\t\t\t\t<div class=\"sow-icon-image\" style=\"background-image: url(https:\/\/sertrox.ch\/wp-content\/uploads\/2017\/08\/icone_20suisse.png); font-size: 50px\"><\/div>\t\t\t\t<\/div>\n\t\t\t\t\n\t\t\t\t<div class=\"textwidget\">\n\t\t\t\t\t\t\t\t\t\t\t<h5>\n\t\t\t\t\t\t\t\n\t\t\t\t\t\t\tUnique en Suisse romande\t\t\t\t\t\t\t\t\t\t\t\t\t<\/h5>\n\t\t\t\t\t\n\t\t\t\t\t\t\t\t\t\t\t<p>Sertrox S\u00e0rl est le seul centre de r\u00e9paration officiel Bang &amp; Olufsen de Suisse romande depuis 1994.<\/p>\n<p>Notre centre proche de l'autoroute permet un acc\u00e8s facilit\u00e9.<\/p>\t\t\t\t\t\n\t\t\t\t\t\t\t\t\t<\/div>\n\t\t\t\t\t\t\t<\/div>\n\n\t\t\t\n<\/div>\n<\/div><\/div><\/div><div id=\"pgc-9-1-4\"  class=\"panel-grid-cell panel-grid-cell-empty\" ><\/div><\/div><\/div>","protected":false},"excerpt":{"rendered":"<p>Sertrox Sp\u00e9cialis\u00e9 Bang &amp; Olufsen L\u2019exp\u00e9rience acquise permet \u00e0 Sertrox de disposer d&#8217;une maitrise compl\u00e8te de cette marque de prestige. Un stock de pi\u00e8ce incroyable! Nous disposons d&#8217;un grand stock de pi\u00e8ces, certaines n&#8217;\u00e9tant plus fabriqu\u00e9es depuis de nombreuses ann\u00e9es. Vous trouverez des pi\u00e8ces pour les premi\u00e8res chaines HI-FI et t\u00e9l\u00e9viseurs Bang &amp; Olufsen. Qualit\u00e9 [&hellip;]<\/p>\n","protected":false},"author":4,"featured_media":0,"parent":0,"menu_order":0,"comment_status":"closed","ping_status":"closed","template":"custom-page.php","meta":{"_mi_skip_tracking":false},"_links":{"self":[{"href":"https:\/\/sertrox.ch\/index.php\/wp-json\/wp\/v2\/pages\/9"}],"collection":[{"href":"https:\/\/sertrox.ch\/index.php\/wp-json\/wp\/v2\/pages"}],"about":[{"href":"https:\/\/sertrox.ch\/index.php\/wp-json\/wp\/v2\/types\/page"}],"author":[{"embeddable":true,"href":"https:\/\/sertrox.ch\/index.php\/wp-json\/wp\/v2\/users\/4"}],"replies":[{"embeddable":true,"href":"https:\/\/sertrox.ch\/index.php\/wp-json\/wp\/v2\/comments?post=9"}],"version-history":[{"count":67,"href":"https:\/\/sertrox.ch\/index.php\/wp-json\/wp\/v2\/pages\/9\/revisions"}],"predecessor-version":[{"id":310,"href":"https:\/\/sertrox.ch\/index.php\/wp-json\/wp\/v2\/pages\/9\/revisions\/310"}],"wp:attachment":[{"href":"https:\/\/sertrox.ch\/index.php\/wp-json\/wp\/v2\/media?parent=9"}],"curies":[{"name":"wp","href":"https:\/\/api.w.org\/{rel}","templated":true}]}}