{"id":86,"date":"2017-08-12T11:42:45","date_gmt":"2017-08-12T09:42:45","guid":{"rendered":"https:\/\/sertrox.ch\/?page_id=86"},"modified":"2017-08-12T12:04:54","modified_gmt":"2017-08-12T10:04:54","slug":"notre-histoire","status":"publish","type":"page","link":"https:\/\/sertrox.ch\/index.php\/notre-histoire\/","title":{"rendered":"Notre histoire"},"content":{"rendered":"<div id=\"pl-86\"  class=\"panel-layout\" ><div id=\"pg-86-0\"  class=\"panel-grid panel-no-style\" ><div id=\"pgc-86-0-0\"  class=\"panel-grid-cell panel-grid-cell-mobile-last\" ><div id=\"panel-86-0-0-0\" class=\"so-panel widget widget_sow-features panel-first-child panel-last-child\" data-index=\"0\" ><div class=\"so-widget-sow-features so-widget-sow-features-default-ec5fa41587de-86\">\n<div class=\"sow-features-list sow-features-responsive\">\n\n\t\t\t\n\t\t\t<div class=\"sow-features-feature sow-icon-container-position-right sow-features-feature-last-row\" style=\"width: 100%\">\n\n\t\t\t\t\t\t\t\t<div\n\t\t\t\t\tclass=\"sow-icon-container sow-container-round\"\n                    style=\"color: #ffffff; \"\n\t\t\t\t\t>\n\t\t\t\t\t<div class=\"sow-icon-image\" style=\"background-image: url(https:\/\/sertrox.ch\/wp-content\/uploads\/2017\/08\/icone_20histoire_20gris.png); font-size: 50px\"><\/div>\t\t\t\t<\/div>\n\t\t\t\t\n\t\t\t\t<div class=\"textwidget\">\n\t\t\t\t\t\t\t\t\t\t\t<h5>\n\t\t\t\t\t\t\t\n\t\t\t\t\t\t\tL'histoire de Sertrox\t\t\t\t\t\t\t\t\t\t\t\t\t<\/h5>\n\t\t\t\t\t\n\t\t\t\t\t\n\t\t\t\t\t\t\t\t\t<\/div>\n\t\t\t\t\t\t\t<\/div>\n\n\t\t\t\n<\/div>\n<\/div><\/div><\/div><div id=\"pgc-86-0-1\"  class=\"panel-grid-cell panel-grid-cell-empty\" ><\/div><\/div><div id=\"pg-86-1\"  class=\"panel-grid panel-no-style\" ><div id=\"pgc-86-1-0\"  class=\"panel-grid-cell\" ><div id=\"panel-86-1-0-0\" class=\"so-panel widget widget_sow-features panel-first-child panel-last-child\" data-index=\"1\" ><div class=\"so-widget-sow-features so-widget-sow-features-default-ec5fa41587de-86\">\n<div class=\"sow-features-list sow-features-responsive\">\n\n\t\t\t\n\t\t\t<div class=\"sow-features-feature sow-icon-container-position-right sow-features-feature-last-row\" style=\"width: 100%\">\n\n\t\t\t\t\t\t\t\t<div\n\t\t\t\t\tclass=\"sow-icon-container sow-container-round\"\n                    style=\"color: #ffffff; \"\n\t\t\t\t\t>\n\t\t\t\t\t\t\t\t\t<\/div>\n\t\t\t\t\n\t\t\t\t<div class=\"textwidget\">\n\t\t\t\t\t\n\t\t\t\t\t\t\t\t\t\t\t<p>L'entreprise est fond\u00e9e en 1994 par Monsieur Jean-Fran\u00e7ois Troxler<\/p>\n<p>D\u00e8s sa cr\u00e9ation, Sertrox devient la seule entreprise de r\u00e9paration officiel de la marque Bang &amp; Olufsen pour toute la suisse romande.<\/p>\n<p>Cette collaboration permet \u00e0 Sertrox d'am\u00e9liorer continuellement ses connaissances des appareils Bang &amp; Olufsen afin de fournir les meilleurs services possibles.<\/p>\n<p>Sertrox a su s'imposer comme le leader des r\u00e9parations Bang &amp; Olufsen en Suisse romande gr\u00e2ce \u00e0 ses comp\u00e9tences en constante \u00e9volution.<\/p>\t\t\t\t\t\n\t\t\t\t\t\t\t\t\t<\/div>\n\t\t\t\t\t\t\t<\/div>\n\n\t\t\t\n<\/div>\n<\/div><\/div><\/div><\/div><\/div>","protected":false},"excerpt":{"rendered":"<p>L&#8217;histoire de Sertrox L&#8217;entreprise est fond\u00e9e en 1994 par Monsieur Jean-Fran\u00e7ois Troxler D\u00e8s sa cr\u00e9ation, Sertrox devient la seule entreprise de r\u00e9paration officiel de la marque Bang &amp; Olufsen pour toute la suisse romande. Cette collaboration permet \u00e0 Sertrox d&#8217;am\u00e9liorer continuellement ses connaissances des appareils Bang &amp; Olufsen afin de fournir les meilleurs services possibles. [&hellip;]<\/p>\n","protected":false},"author":4,"featured_media":0,"parent":0,"menu_order":0,"comment_status":"closed","ping_status":"closed","template":"","meta":{"_mi_skip_tracking":false},"_links":{"self":[{"href":"https:\/\/sertrox.ch\/index.php\/wp-json\/wp\/v2\/pages\/86"}],"collection":[{"href":"https:\/\/sertrox.ch\/index.php\/wp-json\/wp\/v2\/pages"}],"about":[{"href":"https:\/\/sertrox.ch\/index.php\/wp-json\/wp\/v2\/types\/page"}],"author":[{"embeddable":true,"href":"https:\/\/sertrox.ch\/index.php\/wp-json\/wp\/v2\/users\/4"}],"replies":[{"embeddable":true,"href":"https:\/\/sertrox.ch\/index.php\/wp-json\/wp\/v2\/comments?post=86"}],"version-history":[{"count":19,"href":"https:\/\/sertrox.ch\/index.php\/wp-json\/wp\/v2\/pages\/86\/revisions"}],"predecessor-version":[{"id":119,"href":"https:\/\/sertrox.ch\/index.php\/wp-json\/wp\/v2\/pages\/86\/revisions\/119"}],"wp:attachment":[{"href":"https:\/\/sertrox.ch\/index.php\/wp-json\/wp\/v2\/media?parent=86"}],"curies":[{"name":"wp","href":"https:\/\/api.w.org\/{rel}","templated":true}]}}