{"id":50,"date":"2017-08-12T11:15:27","date_gmt":"2017-08-12T09:15:27","guid":{"rendered":"https:\/\/sertrox.ch\/?page_id=50"},"modified":"2017-08-16T06:42:36","modified_gmt":"2017-08-16T04:42:36","slug":"services","status":"publish","type":"page","link":"https:\/\/sertrox.ch\/index.php\/services\/","title":{"rendered":"Services"},"content":{"rendered":"<div id=\"pl-50\"  class=\"panel-layout\" ><div id=\"pg-50-0\"  class=\"panel-grid panel-no-style\" ><div id=\"pgc-50-0-0\"  class=\"panel-grid-cell\" ><div id=\"panel-50-0-0-0\" class=\"so-panel widget widget_sow-features panel-first-child\" data-index=\"0\" ><div class=\"so-widget-sow-features so-widget-sow-features-default-ec5fa41587de-50\">\n<div class=\"sow-features-list sow-features-responsive\">\n\n\t\t\t\n\t\t\t<div class=\"sow-features-feature sow-icon-container-position-right \" style=\"width: 100%\">\n\n\t\t\t\t\t\t\t\t<div\n\t\t\t\t\tclass=\"sow-icon-container sow-container-round\"\n                    style=\"color: #ffffff; \"\n\t\t\t\t\ttitle=\"Prestations\">\n\t\t\t\t\t<div class=\"sow-icon-image\" style=\"background-image: url(https:\/\/sertrox.ch\/wp-content\/uploads\/2017\/08\/icone_20service.png); font-size: 50px\"><\/div>\t\t\t\t<\/div>\n\t\t\t\t\n\t\t\t\t<div class=\"textwidget\">\n\t\t\t\t\t\t\t\t\t\t\t<h5>\n\t\t\t\t\t\t\t\n\t\t\t\t\t\t\tNos prestations\t\t\t\t\t\t\t\t\t\t\t\t\t<\/h5>\n\t\t\t\t\t\n\t\t\t\t\t\n\t\t\t\t\t\t\t\t\t<\/div>\n\t\t\t\t\t\t\t<\/div>\n\n\t\t\n\t\t\t<div class=\"sow-features-feature sow-icon-container-position-right sow-features-feature-last-row\" style=\"width: 100%\">\n\n\t\t\t\t\t\t\t\t<div\n\t\t\t\t\tclass=\"sow-icon-container sow-container-round\"\n                    style=\"color: #ffffff; \"\n\t\t\t\t\t>\n\t\t\t\t\t\t\t\t\t<\/div>\n\t\t\t\t\n\t\t\t\t<div class=\"textwidget\">\n\t\t\t\t\t\n\t\t\t\t\t\t\t\t\t\t\t<ul>\n<li><span style=\"color: #808080;\">R\u00e9paration des appareils Bang &amp; Olufsen<\/span><\/li>\n<li><span style=\"color: #808080;\">R\u00e9vision des appareils<\/span><\/li>\n<li><span style=\"color: #808080;\">Expertise pour l'ECA<\/span><\/li>\n<li><span style=\"color: #808080;\">Mise \u00e0 jour des logiciels sur les appareils<\/span><\/li>\n<li><span style=\"color: #808080;\">R\u00e9paration sous garantie ou hors garantie<\/span><\/li>\n<\/ul>\t\t\t\t\t\n\t\t\t\t\t\t\t\t\t<\/div>\n\t\t\t\t\t\t\t<\/div>\n\n\t\t\t\n<\/div>\n<\/div><\/div><div id=\"panel-50-0-0-1\" class=\"so-panel widget widget_sow-editor\" data-index=\"1\" ><div class=\"so-widget-sow-editor so-widget-sow-editor-base\">\n<div class=\"siteorigin-widget-tinymce textwidget\">\n\t<\/div>\n<\/div><\/div><div id=\"panel-50-0-0-2\" class=\"so-panel widget widget_sow-image panel-last-child\" data-index=\"2\" ><div class=\"so-widget-sow-image so-widget-sow-image-default-17bc2272b535-50\">\n\n<div class=\"sow-image-container\">\n\t\t<img src=\"https:\/\/sertrox.ch\/wp-content\/uploads\/2017\/08\/BSo-08MH-Hi08.png\" width=\"366\" height=\"95\" srcset=\"https:\/\/sertrox.ch\/wp-content\/uploads\/2017\/08\/BSo-08MH-Hi08.png 366w, https:\/\/sertrox.ch\/wp-content\/uploads\/2017\/08\/BSo-08MH-Hi08-300x78.png 300w\" sizes=\"(max-width: 366px) 100vw, 366px\" title=\"BeoSound 9000\" alt=\"BeoSound 9000\" loading=\"lazy\" \t\tclass=\"so-widget-image\"\/>\n\t<\/div>\n\n<\/div><\/div><\/div><div id=\"pgc-50-0-1\"  class=\"panel-grid-cell\" ><div id=\"panel-50-0-1-0\" class=\"so-panel widget widget_sow-image panel-first-child panel-last-child\" data-index=\"3\" ><div class=\"panel-widget-style panel-widget-style-for-50-0-1-0\" ><div class=\"so-widget-sow-image so-widget-sow-image-default-17bc2272b535-50\">\n\n<div class=\"sow-image-container\">\n\t\t<img src=\"https:\/\/sertrox.ch\/wp-content\/uploads\/2017\/08\/BVi7-40-3D-05JJ-HiC1210.png\" width=\"332\" height=\"440\" srcset=\"https:\/\/sertrox.ch\/wp-content\/uploads\/2017\/08\/BVi7-40-3D-05JJ-HiC1210.png 332w, https:\/\/sertrox.ch\/wp-content\/uploads\/2017\/08\/BVi7-40-3D-05JJ-HiC1210-226x300.png 226w\" sizes=\"(max-width: 332px) 100vw, 332px\" title=\"BeoVision 7\" alt=\"BeoVision 7\" loading=\"lazy\" \t\tclass=\"so-widget-image\"\/>\n\t<\/div>\n\n<\/div><\/div><\/div><\/div><\/div><\/div>","protected":false},"excerpt":{"rendered":"<p>Nos prestations R\u00e9paration des appareils Bang &amp; Olufsen R\u00e9vision des appareils Expertise pour l&#8217;ECA Mise \u00e0 jour des logiciels sur les appareils R\u00e9paration sous garantie ou hors garantie<\/p>\n","protected":false},"author":4,"featured_media":0,"parent":0,"menu_order":0,"comment_status":"closed","ping_status":"closed","template":"","meta":{"_mi_skip_tracking":false},"_links":{"self":[{"href":"https:\/\/sertrox.ch\/index.php\/wp-json\/wp\/v2\/pages\/50"}],"collection":[{"href":"https:\/\/sertrox.ch\/index.php\/wp-json\/wp\/v2\/pages"}],"about":[{"href":"https:\/\/sertrox.ch\/index.php\/wp-json\/wp\/v2\/types\/page"}],"author":[{"embeddable":true,"href":"https:\/\/sertrox.ch\/index.php\/wp-json\/wp\/v2\/users\/4"}],"replies":[{"embeddable":true,"href":"https:\/\/sertrox.ch\/index.php\/wp-json\/wp\/v2\/comments?post=50"}],"version-history":[{"count":43,"href":"https:\/\/sertrox.ch\/index.php\/wp-json\/wp\/v2\/pages\/50\/revisions"}],"predecessor-version":[{"id":284,"href":"https:\/\/sertrox.ch\/index.php\/wp-json\/wp\/v2\/pages\/50\/revisions\/284"}],"wp:attachment":[{"href":"https:\/\/sertrox.ch\/index.php\/wp-json\/wp\/v2\/media?parent=50"}],"curies":[{"name":"wp","href":"https:\/\/api.w.org\/{rel}","templated":true}]}}